{"id":18,"date":"2026-03-17T17:56:31","date_gmt":"2026-03-17T17:56:31","guid":{"rendered":"https:\/\/globalenergysolutions.cl\/portafolio\/"},"modified":"2026-04-10T15:07:02","modified_gmt":"2026-04-10T15:07:02","slug":"portafolio","status":"publish","type":"page","link":"https:\/\/globalenergysolutions.cl\/en\/portafolio\/","title":{"rendered":"Portfolio"},"content":{"rendered":"<div class=\"wp-block-group alignfull is-style-ext-preset--group--natural-1--section has-background-background-color has-background\" id=\"about\" style=\"margin-top:0;margin-bottom:0;padding-top:var(--wp--preset--spacing--70);padding-bottom:var(--wp--preset--spacing--70)\"><div class=\"wp-block-group__inner-container is-layout-constrained wp-block-group-is-layout-constrained\">\n<div class=\"wp-block-columns alignwide are-vertically-aligned-center is-layout-flex wp-container-core-columns-is-layout-3eeeff7a wp-block-columns-is-layout-flex\">\n<div class=\"wp-block-column is-vertically-aligned-center is-layout-flow wp-block-column-is-layout-flow\">\n<figure class=\"wp-block-image size-full is-style-ext-preset--image--natural-1--image-1--content-right ext-animate--on\"><img loading=\"lazy\" decoding=\"async\" width=\"1440\" height=\"961\" src=\"https:\/\/globalenergysolutions.cl\/wp-content\/uploads\/2026\/03\/868744850d40704cadcff3bab9c9599ade3df28f.jpg\" alt=\"\" class=\"wp-image-31\" style=\"aspect-ratio:1;object-fit:cover\" srcset=\"https:\/\/globalenergysolutions.cl\/wp-content\/uploads\/2026\/03\/868744850d40704cadcff3bab9c9599ade3df28f.jpg 1440w, https:\/\/globalenergysolutions.cl\/wp-content\/uploads\/2026\/03\/868744850d40704cadcff3bab9c9599ade3df28f-300x200.jpg 300w, https:\/\/globalenergysolutions.cl\/wp-content\/uploads\/2026\/03\/868744850d40704cadcff3bab9c9599ade3df28f-1024x683.jpg 1024w, https:\/\/globalenergysolutions.cl\/wp-content\/uploads\/2026\/03\/868744850d40704cadcff3bab9c9599ade3df28f-768x513.jpg 768w, https:\/\/globalenergysolutions.cl\/wp-content\/uploads\/2026\/03\/868744850d40704cadcff3bab9c9599ade3df28f-18x12.jpg 18w\" sizes=\"auto, (max-width: 1440px) 100vw, 1440px\" \/><\/figure>\n<\/div>\n\n\n\n<div class=\"wp-block-column is-vertically-aligned-center is-layout-flow wp-block-column-is-layout-flow\">\n<h2 class=\"wp-block-heading has-text-align-center ext-animate--on\"><mark style=\"background-color:rgba(0, 0, 0, 0)\" class=\"has-inline-color has-black-color\">Electrical and technological projects that transform spaces<\/mark><\/h2>\n\n\n\n<p class=\"ext-animate--on\" style=\"margin-top:1.5rem\">Discover how Global Energy Solutions drives efficiency and safety, integrating innovation and commitment into every project for homes and businesses.<\/p>\n<\/div>\n<\/div>\n<\/div><\/div>\n\n\n\n<div class=\"wp-block-group alignfull is-style-ext-preset--group--natural-1--section has-tertiary-background-color has-background\" id=\"gallery\" style=\"margin-top:0;margin-bottom:0;padding-top:var(--wp--preset--spacing--70);padding-bottom:var(--wp--preset--spacing--70)\"><div class=\"wp-block-group__inner-container is-layout-constrained wp-block-group-is-layout-constrained\">\n<div class=\"wp-block-group alignwide ext-is-logical-start is-content-justification-left\"><div class=\"wp-block-group__inner-container is-layout-constrained wp-container-core-group-is-layout-1916714e wp-block-group-is-layout-constrained\">\n<h2 class=\"wp-block-heading ext-animate--on\">Innovative electrical solutions for every sector<\/h2>\n\n\n\n<p class=\"has-text-align-left ext-animate--on\">Discover emblematic projects that reflect our experience and technical commitment.<\/p>\n<\/div><\/div>\n\n\n\n<div class=\"wp-block-columns alignwide is-layout-flex wp-container-core-columns-is-layout-b0e66f64 wp-block-columns-is-layout-flex\">\n<div class=\"wp-block-column is-vertically-aligned-stretch ext-animate--on is-layout-flow wp-block-column-is-layout-flow\" style=\"flex-basis:50%\">\n<div class=\"wp-block-cover is-style-ext-preset--image--natural-1--image-1--content-top\" style=\"padding-top:0;padding-bottom:0;min-height:100%;aspect-ratio:unset;\"><img loading=\"lazy\" decoding=\"async\" width=\"1024\" height=\"768\" class=\"wp-block-cover__image-background wp-image-36 size-large\" alt=\"\" src=\"https:\/\/globalenergysolutions.cl\/wp-content\/uploads\/2026\/03\/595b18126b9df5cd0ba26602382f7439dbb8d8f8-1024x768.jpg\" data-object-fit=\"cover\" srcset=\"https:\/\/globalenergysolutions.cl\/wp-content\/uploads\/2026\/03\/595b18126b9df5cd0ba26602382f7439dbb8d8f8-1024x768.jpg 1024w, https:\/\/globalenergysolutions.cl\/wp-content\/uploads\/2026\/03\/595b18126b9df5cd0ba26602382f7439dbb8d8f8-300x225.jpg 300w, https:\/\/globalenergysolutions.cl\/wp-content\/uploads\/2026\/03\/595b18126b9df5cd0ba26602382f7439dbb8d8f8-768x576.jpg 768w, https:\/\/globalenergysolutions.cl\/wp-content\/uploads\/2026\/03\/595b18126b9df5cd0ba26602382f7439dbb8d8f8-16x12.jpg 16w, https:\/\/globalenergysolutions.cl\/wp-content\/uploads\/2026\/03\/595b18126b9df5cd0ba26602382f7439dbb8d8f8.jpg 1440w\" sizes=\"auto, (max-width: 1024px) 100vw, 1024px\" \/><span aria-hidden=\"true\" class=\"wp-block-cover__background has-background-dim-0 has-background-dim\" style=\"background-color:#0f2d6e\"><\/span><div class=\"wp-block-cover__inner-container is-layout-flow wp-block-cover-is-layout-flow\">\n<div style=\"height:240px\" aria-hidden=\"true\" class=\"wp-block-spacer\"><\/div>\n<\/div><\/div>\n<\/div>\n\n\n\n<div class=\"wp-block-column is-vertically-aligned-top ext-animate--on is-layout-flow wp-block-column-is-layout-flow\">\n<figure class=\"wp-block-image size-full is-style-ext-preset--image--natural-1--image-1--content-top\"><img loading=\"lazy\" decoding=\"async\" width=\"1024\" height=\"1024\" src=\"https:\/\/globalenergysolutions.cl\/wp-content\/uploads\/2026\/03\/image-2.jpg\" alt=\"\" class=\"wp-image-172\" style=\"aspect-ratio:1;object-fit:cover\" srcset=\"https:\/\/globalenergysolutions.cl\/wp-content\/uploads\/2026\/03\/image-2.jpg 1024w, https:\/\/globalenergysolutions.cl\/wp-content\/uploads\/2026\/03\/image-2-300x300.jpg 300w, https:\/\/globalenergysolutions.cl\/wp-content\/uploads\/2026\/03\/image-2-150x150.jpg 150w, https:\/\/globalenergysolutions.cl\/wp-content\/uploads\/2026\/03\/image-2-768x768.jpg 768w, https:\/\/globalenergysolutions.cl\/wp-content\/uploads\/2026\/03\/image-2-12x12.jpg 12w\" sizes=\"auto, (max-width: 1024px) 100vw, 1024px\" \/><\/figure>\n\n\n\n<figure class=\"wp-block-image size-full is-style-ext-preset--image--natural-1--image-1--content-top\"><img loading=\"lazy\" decoding=\"async\" width=\"1024\" height=\"1024\" src=\"https:\/\/globalenergysolutions.cl\/wp-content\/uploads\/2026\/03\/image.jpg\" alt=\"\" class=\"wp-image-166\" style=\"aspect-ratio:1;object-fit:cover\" srcset=\"https:\/\/globalenergysolutions.cl\/wp-content\/uploads\/2026\/03\/image.jpg 1024w, https:\/\/globalenergysolutions.cl\/wp-content\/uploads\/2026\/03\/image-300x300.jpg 300w, https:\/\/globalenergysolutions.cl\/wp-content\/uploads\/2026\/03\/image-150x150.jpg 150w, https:\/\/globalenergysolutions.cl\/wp-content\/uploads\/2026\/03\/image-768x768.jpg 768w, https:\/\/globalenergysolutions.cl\/wp-content\/uploads\/2026\/03\/image-12x12.jpg 12w\" sizes=\"auto, (max-width: 1024px) 100vw, 1024px\" \/><\/figure>\n<\/div>\n\n\n\n<div class=\"wp-block-column is-vertically-aligned-top ext-animate--on is-layout-flow wp-block-column-is-layout-flow\">\n<figure class=\"wp-block-image size-large is-style-ext-preset--image--natural-1--image-1--content-top\"><img loading=\"lazy\" decoding=\"async\" width=\"1024\" height=\"683\" src=\"https:\/\/globalenergysolutions.cl\/wp-content\/uploads\/2026\/03\/Sala-de-control-industrial-con-motores-1024x683.png\" alt=\"\" class=\"wp-image-218\" style=\"aspect-ratio:1;object-fit:cover\" srcset=\"https:\/\/globalenergysolutions.cl\/wp-content\/uploads\/2026\/03\/Sala-de-control-industrial-con-motores-1024x683.png 1024w, https:\/\/globalenergysolutions.cl\/wp-content\/uploads\/2026\/03\/Sala-de-control-industrial-con-motores-300x200.png 300w, https:\/\/globalenergysolutions.cl\/wp-content\/uploads\/2026\/03\/Sala-de-control-industrial-con-motores-768x512.png 768w, https:\/\/globalenergysolutions.cl\/wp-content\/uploads\/2026\/03\/Sala-de-control-industrial-con-motores-18x12.png 18w, https:\/\/globalenergysolutions.cl\/wp-content\/uploads\/2026\/03\/Sala-de-control-industrial-con-motores.png 1536w\" sizes=\"auto, (max-width: 1024px) 100vw, 1024px\" \/><\/figure>\n\n\n\n<figure class=\"wp-block-image size-full is-style-ext-preset--image--natural-1--image-1--content-top\"><img loading=\"lazy\" decoding=\"async\" width=\"1024\" height=\"265\" src=\"https:\/\/globalenergysolutions.cl\/wp-content\/uploads\/2026\/03\/cropped-image-1.jpg\" alt=\"\" class=\"wp-image-200\" style=\"aspect-ratio:1;object-fit:cover\" srcset=\"https:\/\/globalenergysolutions.cl\/wp-content\/uploads\/2026\/03\/cropped-image-1.jpg 1024w, https:\/\/globalenergysolutions.cl\/wp-content\/uploads\/2026\/03\/cropped-image-1-300x78.jpg 300w, https:\/\/globalenergysolutions.cl\/wp-content\/uploads\/2026\/03\/cropped-image-1-768x199.jpg 768w, https:\/\/globalenergysolutions.cl\/wp-content\/uploads\/2026\/03\/cropped-image-1-18x5.jpg 18w\" sizes=\"auto, (max-width: 1024px) 100vw, 1024px\" \/><\/figure>\n<\/div>\n<\/div>\n<\/div><\/div>\n\n\n\n<div class=\"wp-block-group alignfull is-style-ext-preset--group--natural-1--section has-background-background-color has-background\" style=\"margin-top:0;margin-bottom:0;padding-top:var(--wp--preset--spacing--70);padding-bottom:var(--wp--preset--spacing--70)\"><div class=\"wp-block-group__inner-container is-layout-constrained wp-block-group-is-layout-constrained\">\n<div class=\"wp-block-group alignwide ext-is-logical-start is-content-justification-left\"><div class=\"wp-block-group__inner-container is-layout-constrained wp-container-core-group-is-layout-1916714e wp-block-group-is-layout-constrained\">\n<h4 class=\"wp-block-heading has-text-align-center ext-animate--on\"><mark style=\"background-color:rgba(0, 0, 0, 0)\" class=\"has-inline-color has-black-color\">Proyectos exitosos que reflejan nuestra experiencia global<\/mark><\/h4>\n\n\n\n<p class=\"ext-animate--on\">Discover how we implement advanced electrical solutions, guiding you step by step to maximize efficiency and safety.<\/p>\n<\/div><\/div>\n\n\n\n<div class=\"wp-block-media-text alignwide has-media-on-the-right is-stacked-on-mobile is-image-fill-element is-style-ext-preset--media-text--natural-1--card-1 ext-animate--on\"><div class=\"wp-block-media-text__content\">\n<div class=\"wp-block-group alignwide is-vertical is-layout-flex wp-container-core-group-is-layout-581f75c1 wp-block-group-is-layout-flex\" style=\"padding-top:var(--wp--preset--spacing--60);padding-bottom:var(--wp--preset--spacing--60)\">\n<div class=\"wp-block-group\" style=\"padding-top:0;padding-right:0;padding-bottom:0;padding-left:0\"><div class=\"wp-block-group__inner-container is-layout-constrained wp-container-core-group-is-layout-c05df888 wp-block-group-is-layout-constrained\">\n<h4 class=\"wp-block-heading\"><mark style=\"background-color:rgba(0, 0, 0, 0)\" class=\"has-inline-color has-black-color\">Outstanding example of innovation that drove significant change.<\/mark><\/h4>\n\n\n\n<p><mark style=\"background-color:rgba(0, 0, 0, 0)\" class=\"has-inline-color has-black-color\">Detailed case showing how a company improved its efficiency and safety by integrating our state-of-the-art technology systems.<\/mark><\/p>\n<\/div><\/div>\n<\/div>\n<\/div><figure class=\"wp-block-media-text__media\"><img loading=\"lazy\" decoding=\"async\" width=\"1024\" height=\"1024\" src=\"https:\/\/globalenergysolutions.cl\/wp-content\/uploads\/2026\/03\/image-3.jpg\" alt=\"\" class=\"wp-image-173 size-full\" style=\"object-position:50% 50%\" srcset=\"https:\/\/globalenergysolutions.cl\/wp-content\/uploads\/2026\/03\/image-3.jpg 1024w, https:\/\/globalenergysolutions.cl\/wp-content\/uploads\/2026\/03\/image-3-300x300.jpg 300w, https:\/\/globalenergysolutions.cl\/wp-content\/uploads\/2026\/03\/image-3-150x150.jpg 150w, https:\/\/globalenergysolutions.cl\/wp-content\/uploads\/2026\/03\/image-3-768x768.jpg 768w, https:\/\/globalenergysolutions.cl\/wp-content\/uploads\/2026\/03\/image-3-12x12.jpg 12w\" sizes=\"auto, (max-width: 1024px) 100vw, 1024px\" \/><\/figure><\/div>\n\n\n\n<div class=\"wp-block-media-text alignwide is-stacked-on-mobile is-image-fill-element is-style-ext-preset--media-text--natural-1--card-1 ext-animate--on\" style=\"margin-top:var(--wp--preset--spacing--40)\"><figure class=\"wp-block-media-text__media\"><img loading=\"lazy\" decoding=\"async\" width=\"1024\" height=\"1024\" src=\"https:\/\/globalenergysolutions.cl\/wp-content\/uploads\/2026\/03\/image-3.jpg\" alt=\"\" class=\"wp-image-173 size-full\" style=\"object-position:50% 50%\" srcset=\"https:\/\/globalenergysolutions.cl\/wp-content\/uploads\/2026\/03\/image-3.jpg 1024w, https:\/\/globalenergysolutions.cl\/wp-content\/uploads\/2026\/03\/image-3-300x300.jpg 300w, https:\/\/globalenergysolutions.cl\/wp-content\/uploads\/2026\/03\/image-3-150x150.jpg 150w, https:\/\/globalenergysolutions.cl\/wp-content\/uploads\/2026\/03\/image-3-768x768.jpg 768w, https:\/\/globalenergysolutions.cl\/wp-content\/uploads\/2026\/03\/image-3-12x12.jpg 12w\" sizes=\"auto, (max-width: 1024px) 100vw, 1024px\" \/><\/figure><div class=\"wp-block-media-text__content\">\n<div class=\"wp-block-group alignwide is-vertical is-layout-flex wp-container-core-group-is-layout-581f75c1 wp-block-group-is-layout-flex\" style=\"padding-top:var(--wp--preset--spacing--60);padding-bottom:var(--wp--preset--spacing--60)\">\n<div class=\"wp-block-group\" style=\"padding-top:0;padding-right:0;padding-bottom:0;padding-left:0\"><div class=\"wp-block-group__inner-container is-layout-constrained wp-container-core-group-is-layout-c05df888 wp-block-group-is-layout-constrained\">\n<h4 class=\"wp-block-heading\"><mark style=\"background-color:rgba(0, 0, 0, 0)\" class=\"has-inline-color has-black-color\">Building a sustainable future with smart and reliable technologies.<\/mark><\/h4>\n\n\n\n<p><mark style=\"background-color:rgba(0, 0, 0, 0)\" class=\"has-inline-color has-black-color\">Analysis of how one company overcame energy challenges through our comprehensive solutions and specialized technical advice.<\/mark><\/p>\n<\/div><\/div>\n<\/div>\n<\/div><\/div>\n\n\n\n<div class=\"wp-block-media-text alignwide has-media-on-the-right is-stacked-on-mobile is-image-fill-element is-style-ext-preset--media-text--natural-1--card-1 ext-animate--on\" style=\"margin-top:var(--wp--preset--spacing--40)\"><div class=\"wp-block-media-text__content\">\n<div class=\"wp-block-group alignwide is-vertical is-layout-flex wp-container-core-group-is-layout-581f75c1 wp-block-group-is-layout-flex\" style=\"padding-top:var(--wp--preset--spacing--60);padding-bottom:var(--wp--preset--spacing--60)\">\n<div class=\"wp-block-group\" style=\"padding-top:0;padding-right:0;padding-bottom:0;padding-left:0\"><div class=\"wp-block-group__inner-container is-layout-constrained wp-container-core-group-is-layout-c05df888 wp-block-group-is-layout-constrained\">\n<h4 class=\"wp-block-heading\"><mark style=\"background-color:rgba(0, 0, 0, 0)\" class=\"has-inline-color has-black-color\">Revolutionizing industrial processes with state-of-the-art technology and automation.<\/mark><\/h4>\n\n\n\n<p><mark style=\"background-color:rgba(0, 0, 0, 0)\" class=\"has-inline-color has-black-color\">Demonstration of how we optimize operations and reduce costs through customized energy management systems.<\/mark><\/p>\n<\/div><\/div>\n<\/div>\n<\/div><figure class=\"wp-block-media-text__media\"><img loading=\"lazy\" decoding=\"async\" width=\"1024\" height=\"1024\" src=\"https:\/\/globalenergysolutions.cl\/wp-content\/uploads\/2026\/03\/image-3.jpg\" alt=\"\" class=\"wp-image-173 size-full\" style=\"object-position:50% 50%\" srcset=\"https:\/\/globalenergysolutions.cl\/wp-content\/uploads\/2026\/03\/image-3.jpg 1024w, https:\/\/globalenergysolutions.cl\/wp-content\/uploads\/2026\/03\/image-3-300x300.jpg 300w, https:\/\/globalenergysolutions.cl\/wp-content\/uploads\/2026\/03\/image-3-150x150.jpg 150w, https:\/\/globalenergysolutions.cl\/wp-content\/uploads\/2026\/03\/image-3-768x768.jpg 768w, https:\/\/globalenergysolutions.cl\/wp-content\/uploads\/2026\/03\/image-3-12x12.jpg 12w\" sizes=\"auto, (max-width: 1024px) 100vw, 1024px\" \/><\/figure><\/div>\n\n\n\n<div class=\"wp-block-buttons ext-animate--on is-content-justification-center is-layout-flex wp-container-core-buttons-is-layout-16018d1d wp-block-buttons-is-layout-flex\">\n<div class=\"wp-block-button is-style-ext-preset--button--natural-1--button-1\"><a class=\"wp-block-button__link wp-element-button\" href=\"https:\/\/globalenergysolutions.cl\/en\/contacto\/\">See details<\/a><\/div>\n<\/div>\n<\/div><\/div>\n\n\n\n<p><\/p>","protected":false},"excerpt":{"rendered":"<p>Proyectos el\u00e9ctricos y tecnol\u00f3gicos que transforman espacios Descubre c\u00f3mo Global Energy Solutions impulsa la eficiencia y seguridad, integrando innovaci\u00f3n y compromiso en cada proyecto para hogares y empresas. Soluciones el\u00e9ctricas innovadoras para cada sector Descubre proyectos emblem\u00e1ticos que reflejan nuestra experiencia y compromiso t\u00e9cnico. Proyectos exitosos que reflejan nuestra experiencia global Descubre c\u00f3mo implementamos soluciones [&hellip;]<\/p>\n","protected":false},"author":1,"featured_media":0,"parent":0,"menu_order":0,"comment_status":"closed","ping_status":"closed","template":"","meta":{"om_disable_all_campaigns":false,"_monsterinsights_skip_tracking":false,"_monsterinsights_sitenote_active":false,"_monsterinsights_sitenote_note":"","_monsterinsights_sitenote_category":0,"footnotes":""},"class_list":["post-18","page","type-page","status-publish","hentry"],"aioseo_notices":[],"_links":{"self":[{"href":"https:\/\/globalenergysolutions.cl\/en\/wp-json\/wp\/v2\/pages\/18","targetHints":{"allow":["GET"]}}],"collection":[{"href":"https:\/\/globalenergysolutions.cl\/en\/wp-json\/wp\/v2\/pages"}],"about":[{"href":"https:\/\/globalenergysolutions.cl\/en\/wp-json\/wp\/v2\/types\/page"}],"author":[{"embeddable":true,"href":"https:\/\/globalenergysolutions.cl\/en\/wp-json\/wp\/v2\/users\/1"}],"replies":[{"embeddable":true,"href":"https:\/\/globalenergysolutions.cl\/en\/wp-json\/wp\/v2\/comments?post=18"}],"version-history":[{"count":10,"href":"https:\/\/globalenergysolutions.cl\/en\/wp-json\/wp\/v2\/pages\/18\/revisions"}],"predecessor-version":[{"id":318,"href":"https:\/\/globalenergysolutions.cl\/en\/wp-json\/wp\/v2\/pages\/18\/revisions\/318"}],"wp:attachment":[{"href":"https:\/\/globalenergysolutions.cl\/en\/wp-json\/wp\/v2\/media?parent=18"}],"curies":[{"name":"wp","href":"https:\/\/api.w.org\/{rel}","templated":true}]}}