{"id":17,"date":"2026-03-17T17:56:30","date_gmt":"2026-03-17T17:56:30","guid":{"rendered":"https:\/\/globalenergysolutions.cl\/faq\/"},"modified":"2026-04-10T15:18:22","modified_gmt":"2026-04-10T15:18:22","slug":"faq","status":"publish","type":"page","link":"https:\/\/globalenergysolutions.cl\/en\/faq\/","title":{"rendered":"FAQ"},"content":{"rendered":"<div class=\"wp-block-group alignfull is-style-ext-preset--group--natural-1--section has-background-background-color has-background\" id=\"faq\" style=\"margin-top:0;margin-bottom:0;padding-top:var(--wp--preset--spacing--70);padding-bottom:var(--wp--preset--spacing--70)\"><div class=\"wp-block-group__inner-container is-layout-constrained wp-block-group-is-layout-constrained\">\n<div class=\"wp-block-group alignwide ext-is-logical-start is-content-justification-left\"><div class=\"wp-block-group__inner-container is-layout-constrained wp-container-core-group-is-layout-3046efe0 wp-block-group-is-layout-constrained\">\n<h2 class=\"wp-block-heading ext-animate--on\"><mark style=\"background-color:rgba(0, 0, 0, 0)\" class=\"has-inline-color has-black-color\">Soluciones el\u00e9ctricas avanzadas para m\u00e1xima seguridad y eficiencia<\/mark><\/h2>\n\n\n\n<p class=\"ext-animate--on\">Aqu\u00ed encontrar\u00e1 respuestas claras a las dudas m\u00e1s comunes para resolver sus consultas r\u00e1pidamente.<\/p>\n<\/div><\/div>\n\n\n\n<div class=\"wp-block-columns alignwide is-layout-flex wp-container-core-columns-is-layout-bd0aba32 wp-block-columns-is-layout-flex\">\n<div class=\"wp-block-column ext-animate--on is-layout-flow wp-block-column-is-layout-flow\">\n<div class=\"wp-block-group is-style-ext-preset--group--natural-1--item-card-1--align-start\"><div class=\"wp-block-group__inner-container is-layout-constrained wp-block-group-is-layout-constrained\">\n<div class=\"wp-block-group is-style-default\"><div class=\"wp-block-group__inner-container is-layout-constrained wp-block-group-is-layout-constrained\">\n<h3 class=\"wp-block-heading\"><mark style=\"background-color:rgba(0, 0, 0, 0)\" class=\"has-inline-color has-black-color\">\u00bfQu\u00e9 tipos de proyectos el\u00e9ctricos ofrece Global Energy Solutions?<\/mark><\/h3>\n\n\n\n<p>Dise\u00f1amos e implementamos proyectos personalizados que optimizan la eficiencia y seguridad el\u00e9ctrica en hogares e industrias.<\/p>\n<\/div><\/div>\n<\/div><\/div>\n<\/div>\n\n\n\n<div class=\"wp-block-column ext-animate--on is-layout-flow wp-block-column-is-layout-flow\">\n<div class=\"wp-block-group is-style-ext-preset--group--natural-1--item-card-1--align-start\"><div class=\"wp-block-group__inner-container is-layout-constrained wp-block-group-is-layout-constrained\">\n<div class=\"wp-block-group is-style-default\"><div class=\"wp-block-group__inner-container is-layout-constrained wp-block-group-is-layout-constrained\">\n<h3 class=\"wp-block-heading\"><mark style=\"background-color:rgba(0, 0, 0, 0)\" class=\"has-inline-color has-black-color\">\u00bfC\u00f3mo garantiza la empresa la calidad y seguridad en sus instalaciones?<\/mark><\/h3>\n\n\n\n<p>Cumplimos con normativas estrictas y aplicamos rigurosos controles t\u00e9cnicos en cada proyecto para asegurar resultados confiables.<\/p>\n<\/div><\/div>\n<\/div><\/div>\n<\/div>\n<\/div>\n\n\n\n<div class=\"wp-block-columns alignwide is-layout-flex wp-container-core-columns-is-layout-05cf7c1b wp-block-columns-is-layout-flex\" style=\"margin-top:var(--wp--preset--spacing--40)\">\n<div class=\"wp-block-column ext-animate--on is-layout-flow wp-block-column-is-layout-flow\">\n<div class=\"wp-block-group is-style-ext-preset--group--natural-1--item-card-1--align-start\"><div class=\"wp-block-group__inner-container is-layout-constrained wp-block-group-is-layout-constrained\">\n<div class=\"wp-block-group is-style-default\"><div class=\"wp-block-group__inner-container is-layout-constrained wp-block-group-is-layout-constrained\">\n<h3 class=\"wp-block-heading\"><mark style=\"background-color:rgba(0, 0, 0, 0)\" class=\"has-inline-color has-black-color\">\u00bfQu\u00e9 servicios de automatizaci\u00f3n y monitoreo ofrecen?<\/mark><\/h3>\n\n\n\n<p>Ofrecemos sistemas integrales de gesti\u00f3n energ\u00e9tica, automatizaci\u00f3n industrial y monitoreo remoto para optimizar recursos.<\/p>\n<\/div><\/div>\n<\/div><\/div>\n<\/div>\n\n\n\n<div class=\"wp-block-column ext-animate--on is-layout-flow wp-block-column-is-layout-flow\">\n<div class=\"wp-block-group is-style-ext-preset--group--natural-1--item-card-1--align-start\"><div class=\"wp-block-group__inner-container is-layout-constrained wp-block-group-is-layout-constrained\">\n<div class=\"wp-block-group is-style-default\"><div class=\"wp-block-group__inner-container is-layout-constrained wp-block-group-is-layout-constrained\">\n<h3 class=\"wp-block-heading\"><mark style=\"background-color:rgba(0, 0, 0, 0)\" class=\"has-inline-color has-black-color\">\u00bfPueden implementar sistemas de seguridad electr\u00f3nica?<\/mark><\/h3>\n\n\n\n<p>S\u00ed, instalamos redes de comunicaci\u00f3n, videovigilancia y controles de acceso con tecnolog\u00eda de punta.<\/p>\n<\/div><\/div>\n<\/div><\/div>\n<\/div>\n<\/div>\n\n\n\n<div class=\"wp-block-columns alignwide is-layout-flex wp-container-core-columns-is-layout-05cf7c1b wp-block-columns-is-layout-flex\" style=\"margin-top:var(--wp--preset--spacing--40)\">\n<div class=\"wp-block-column ext-animate--on is-layout-flow wp-block-column-is-layout-flow\">\n<div class=\"wp-block-group is-style-ext-preset--group--natural-1--item-card-1--align-start\"><div class=\"wp-block-group__inner-container is-layout-constrained wp-block-group-is-layout-constrained\">\n<div class=\"wp-block-group is-style-default\"><div class=\"wp-block-group__inner-container is-layout-constrained wp-block-group-is-layout-constrained\">\n<h3 class=\"wp-block-heading\"><mark style=\"background-color:rgba(0, 0, 0, 0)\" class=\"has-inline-color has-black-color\">\u00bfTrabajan con proyectos a medida para empresas?<\/mark><\/h3>\n\n\n\n<p>Desarrollamos soluciones adaptadas a las necesidades espec\u00edficas de cada cliente empresarial, con enfoque en innovaci\u00f3n y eficiencia.<\/p>\n<\/div><\/div>\n<\/div><\/div>\n<\/div>\n\n\n\n<div class=\"wp-block-column ext-animate--on is-layout-flow wp-block-column-is-layout-flow\">\n<div class=\"wp-block-group is-style-ext-preset--group--natural-1--item-card-1--align-start\"><div class=\"wp-block-group__inner-container is-layout-constrained wp-block-group-is-layout-constrained\">\n<div class=\"wp-block-group is-style-default\"><div class=\"wp-block-group__inner-container is-layout-constrained wp-block-group-is-layout-constrained\">\n<h3 class=\"wp-block-heading\"><mark style=\"background-color:rgba(0, 0, 0, 0)\" class=\"has-inline-color has-black-color\">\u00bfC\u00f3mo puedo solicitar un presupuesto o asesor\u00eda?<\/mark><\/h3>\n\n\n\n<p>Cont\u00e1ctenos v\u00eda formulario web o tel\u00e9fono para coordinar una evaluaci\u00f3n personalizada sin compromiso.<\/p>\n<\/div><\/div>\n<\/div><\/div>\n<\/div>\n<\/div>\n<\/div><\/div>\n\n\n\n<div class=\"wp-block-group alignfull is-style-ext-preset--group--natural-1--section has-tertiary-background-color has-background\" id=\"services\" style=\"margin-top:0;margin-bottom:0;padding-top:var(--wp--preset--spacing--70);padding-bottom:var(--wp--preset--spacing--70)\"><div class=\"wp-block-group__inner-container is-layout-constrained wp-block-group-is-layout-constrained\">\n<div class=\"wp-block-group alignwide ext-is-logical-start is-content-justification-left\"><div class=\"wp-block-group__inner-container is-layout-constrained wp-container-core-group-is-layout-1916714e wp-block-group-is-layout-constrained\">\n<h2 class=\"wp-block-heading ext-animate--on\">Eficiencia energ\u00e9tica avanzada y sostenible<\/h2>\n\n\n\n<p class=\"has-text-align-left ext-animate--on\">Aqu\u00ed encontrar\u00e1 nuestros servicios especializados que combinan innovaci\u00f3n y compromiso t\u00e9cnico para su completa satisfacci\u00f3n.<\/p>\n<\/div><\/div>\n\n\n\n<div class=\"wp-block-columns alignwide is-layout-flex wp-container-core-columns-is-layout-bd0aba32 wp-block-columns-is-layout-flex\">\n<div class=\"wp-block-column is-vertically-aligned-stretch ext-animate--on is-layout-flow wp-block-column-is-layout-flow\">\n<div class=\"wp-block-media-text is-stacked-on-mobile is-image-fill-element is-style-ext-preset--media-text--natural-1--card-1 has-background-background-color has-background\"><figure class=\"wp-block-media-text__media\"><img loading=\"lazy\" decoding=\"async\" width=\"512\" height=\"512\" src=\"https:\/\/globalenergysolutions.cl\/wp-content\/uploads\/2026\/03\/cropped-Globo-dorado-con-rayo-metalico-1.png\" alt=\"\" class=\"wp-image-92 size-full\" style=\"object-position:50% 50%\" srcset=\"https:\/\/globalenergysolutions.cl\/wp-content\/uploads\/2026\/03\/cropped-Globo-dorado-con-rayo-metalico-1.png 512w, https:\/\/globalenergysolutions.cl\/wp-content\/uploads\/2026\/03\/cropped-Globo-dorado-con-rayo-metalico-1-300x300.png 300w, https:\/\/globalenergysolutions.cl\/wp-content\/uploads\/2026\/03\/cropped-Globo-dorado-con-rayo-metalico-1-150x150.png 150w, https:\/\/globalenergysolutions.cl\/wp-content\/uploads\/2026\/03\/cropped-Globo-dorado-con-rayo-metalico-1-12x12.png 12w, https:\/\/globalenergysolutions.cl\/wp-content\/uploads\/2026\/03\/cropped-Globo-dorado-con-rayo-metalico-1-270x270.png 270w, https:\/\/globalenergysolutions.cl\/wp-content\/uploads\/2026\/03\/cropped-Globo-dorado-con-rayo-metalico-1-192x192.png 192w, https:\/\/globalenergysolutions.cl\/wp-content\/uploads\/2026\/03\/cropped-Globo-dorado-con-rayo-metalico-1-180x180.png 180w, https:\/\/globalenergysolutions.cl\/wp-content\/uploads\/2026\/03\/cropped-Globo-dorado-con-rayo-metalico-1-32x32.png 32w\" sizes=\"auto, (max-width: 512px) 100vw, 512px\" \/><\/figure><div class=\"wp-block-media-text__content\">\n<div class=\"wp-block-group is-style-default\" style=\"padding-top:var(--wp--preset--spacing--40);padding-right:var(--wp--preset--spacing--30);padding-bottom:var(--wp--preset--spacing--40);padding-left:var(--wp--preset--spacing--30)\"><div class=\"wp-block-group__inner-container is-layout-constrained wp-container-core-group-is-layout-8bba529e wp-block-group-is-layout-constrained\">\n<h5 class=\"wp-block-heading\" style=\"font-size:24px\"><mark style=\"background-color:rgba(0, 0, 0, 0)\" class=\"has-inline-color has-black-color\">Gesti\u00f3n <\/mark><\/h5>\n\n\n\n<p class=\"has-small-font-size\">Optimiza el consumo energ\u00e9tico para maximizar la eficiencia.<\/p>\n<\/div><\/div>\n<\/div><\/div>\n<\/div>\n\n\n\n<div class=\"wp-block-column is-vertically-aligned-stretch ext-animate--on is-layout-flow wp-block-column-is-layout-flow\">\n<div class=\"wp-block-media-text is-stacked-on-mobile is-image-fill-element is-style-ext-preset--media-text--natural-1--card-1 has-background-background-color has-background\"><figure class=\"wp-block-media-text__media\"><img loading=\"lazy\" decoding=\"async\" width=\"512\" height=\"512\" src=\"https:\/\/globalenergysolutions.cl\/wp-content\/uploads\/2026\/03\/cropped-Globo-dorado-con-rayo-metalico-1.png\" alt=\"\" class=\"wp-image-92 size-full\" style=\"object-position:50% 50%\" srcset=\"https:\/\/globalenergysolutions.cl\/wp-content\/uploads\/2026\/03\/cropped-Globo-dorado-con-rayo-metalico-1.png 512w, https:\/\/globalenergysolutions.cl\/wp-content\/uploads\/2026\/03\/cropped-Globo-dorado-con-rayo-metalico-1-300x300.png 300w, https:\/\/globalenergysolutions.cl\/wp-content\/uploads\/2026\/03\/cropped-Globo-dorado-con-rayo-metalico-1-150x150.png 150w, https:\/\/globalenergysolutions.cl\/wp-content\/uploads\/2026\/03\/cropped-Globo-dorado-con-rayo-metalico-1-12x12.png 12w, https:\/\/globalenergysolutions.cl\/wp-content\/uploads\/2026\/03\/cropped-Globo-dorado-con-rayo-metalico-1-270x270.png 270w, https:\/\/globalenergysolutions.cl\/wp-content\/uploads\/2026\/03\/cropped-Globo-dorado-con-rayo-metalico-1-192x192.png 192w, https:\/\/globalenergysolutions.cl\/wp-content\/uploads\/2026\/03\/cropped-Globo-dorado-con-rayo-metalico-1-180x180.png 180w, https:\/\/globalenergysolutions.cl\/wp-content\/uploads\/2026\/03\/cropped-Globo-dorado-con-rayo-metalico-1-32x32.png 32w\" sizes=\"auto, (max-width: 512px) 100vw, 512px\" \/><\/figure><div class=\"wp-block-media-text__content\">\n<div class=\"wp-block-group is-style-default\" style=\"padding-top:var(--wp--preset--spacing--40);padding-right:var(--wp--preset--spacing--30);padding-bottom:var(--wp--preset--spacing--40);padding-left:var(--wp--preset--spacing--30)\"><div class=\"wp-block-group__inner-container is-layout-constrained wp-container-core-group-is-layout-8bba529e wp-block-group-is-layout-constrained\">\n<h5 class=\"wp-block-heading\" style=\"font-size:24px\"><mark style=\"background-color:rgba(0, 0, 0, 0)\" class=\"has-inline-color has-black-color\">Control<\/mark><\/h5>\n\n\n\n<p class=\"has-small-font-size\">Soluciones tecnol\u00f3gicas para procesos y mejorar el control.<\/p>\n<\/div><\/div>\n<\/div><\/div>\n<\/div>\n<\/div>\n\n\n\n<div class=\"wp-block-columns alignwide is-layout-flex wp-container-core-columns-is-layout-05cf7c1b wp-block-columns-is-layout-flex\" style=\"margin-top:var(--wp--preset--spacing--40)\">\n<div class=\"wp-block-column is-vertically-aligned-stretch ext-animate--on is-layout-flow wp-block-column-is-layout-flow\">\n<div class=\"wp-block-media-text is-stacked-on-mobile is-image-fill-element is-style-ext-preset--media-text--natural-1--card-1 has-background-background-color has-background\"><figure class=\"wp-block-media-text__media\"><img loading=\"lazy\" decoding=\"async\" width=\"512\" height=\"512\" src=\"https:\/\/globalenergysolutions.cl\/wp-content\/uploads\/2026\/03\/cropped-Globo-dorado-con-rayo-metalico-1.png\" alt=\"\" class=\"wp-image-92 size-full\" style=\"object-position:50% 50%\" srcset=\"https:\/\/globalenergysolutions.cl\/wp-content\/uploads\/2026\/03\/cropped-Globo-dorado-con-rayo-metalico-1.png 512w, https:\/\/globalenergysolutions.cl\/wp-content\/uploads\/2026\/03\/cropped-Globo-dorado-con-rayo-metalico-1-300x300.png 300w, https:\/\/globalenergysolutions.cl\/wp-content\/uploads\/2026\/03\/cropped-Globo-dorado-con-rayo-metalico-1-150x150.png 150w, https:\/\/globalenergysolutions.cl\/wp-content\/uploads\/2026\/03\/cropped-Globo-dorado-con-rayo-metalico-1-12x12.png 12w, https:\/\/globalenergysolutions.cl\/wp-content\/uploads\/2026\/03\/cropped-Globo-dorado-con-rayo-metalico-1-270x270.png 270w, https:\/\/globalenergysolutions.cl\/wp-content\/uploads\/2026\/03\/cropped-Globo-dorado-con-rayo-metalico-1-192x192.png 192w, https:\/\/globalenergysolutions.cl\/wp-content\/uploads\/2026\/03\/cropped-Globo-dorado-con-rayo-metalico-1-180x180.png 180w, https:\/\/globalenergysolutions.cl\/wp-content\/uploads\/2026\/03\/cropped-Globo-dorado-con-rayo-metalico-1-32x32.png 32w\" sizes=\"auto, (max-width: 512px) 100vw, 512px\" \/><\/figure><div class=\"wp-block-media-text__content\">\n<div class=\"wp-block-group is-style-default\" style=\"padding-top:var(--wp--preset--spacing--40);padding-right:var(--wp--preset--spacing--30);padding-bottom:var(--wp--preset--spacing--40);padding-left:var(--wp--preset--spacing--30)\"><div class=\"wp-block-group__inner-container is-layout-constrained wp-container-core-group-is-layout-8bba529e wp-block-group-is-layout-constrained\">\n<h5 class=\"wp-block-heading\" style=\"font-size:24px\"><mark style=\"background-color:rgba(0, 0, 0, 0)\" class=\"has-inline-color has-black-color\">Redes <\/mark><\/h5>\n\n\n\n<p class=\"has-small-font-size\">Dise\u00f1o e instalaci\u00f3n de redes seguras y confiables para su infraestructura tecnol\u00f3gica.<\/p>\n<\/div><\/div>\n<\/div><\/div>\n<\/div>\n\n\n\n<div class=\"wp-block-column is-vertically-aligned-stretch ext-animate--on is-layout-flow wp-block-column-is-layout-flow\">\n<div class=\"wp-block-media-text is-stacked-on-mobile is-image-fill-element is-style-ext-preset--media-text--natural-1--card-1 has-background-background-color has-background\"><figure class=\"wp-block-media-text__media\"><img loading=\"lazy\" decoding=\"async\" width=\"512\" height=\"512\" src=\"https:\/\/globalenergysolutions.cl\/wp-content\/uploads\/2026\/03\/cropped-Globo-dorado-con-rayo-metalico-1.png\" alt=\"\" class=\"wp-image-92 size-full\" style=\"object-position:50% 50%\" srcset=\"https:\/\/globalenergysolutions.cl\/wp-content\/uploads\/2026\/03\/cropped-Globo-dorado-con-rayo-metalico-1.png 512w, https:\/\/globalenergysolutions.cl\/wp-content\/uploads\/2026\/03\/cropped-Globo-dorado-con-rayo-metalico-1-300x300.png 300w, https:\/\/globalenergysolutions.cl\/wp-content\/uploads\/2026\/03\/cropped-Globo-dorado-con-rayo-metalico-1-150x150.png 150w, https:\/\/globalenergysolutions.cl\/wp-content\/uploads\/2026\/03\/cropped-Globo-dorado-con-rayo-metalico-1-12x12.png 12w, https:\/\/globalenergysolutions.cl\/wp-content\/uploads\/2026\/03\/cropped-Globo-dorado-con-rayo-metalico-1-270x270.png 270w, https:\/\/globalenergysolutions.cl\/wp-content\/uploads\/2026\/03\/cropped-Globo-dorado-con-rayo-metalico-1-192x192.png 192w, https:\/\/globalenergysolutions.cl\/wp-content\/uploads\/2026\/03\/cropped-Globo-dorado-con-rayo-metalico-1-180x180.png 180w, https:\/\/globalenergysolutions.cl\/wp-content\/uploads\/2026\/03\/cropped-Globo-dorado-con-rayo-metalico-1-32x32.png 32w\" sizes=\"auto, (max-width: 512px) 100vw, 512px\" \/><\/figure><div class=\"wp-block-media-text__content\">\n<div class=\"wp-block-group is-style-default\" style=\"padding-top:var(--wp--preset--spacing--40);padding-right:var(--wp--preset--spacing--30);padding-bottom:var(--wp--preset--spacing--40);padding-left:var(--wp--preset--spacing--30)\"><div class=\"wp-block-group__inner-container is-layout-constrained wp-container-core-group-is-layout-8bba529e wp-block-group-is-layout-constrained\">\n<h6 class=\"wp-block-heading\" style=\"font-size:24px\"><mark style=\"background-color:rgba(0, 0, 0, 0)\" class=\"has-inline-color has-black-color\">Central<\/mark><\/h6>\n\n\n\n<p class=\"has-small-font-size\">Sistemas integrales que garantizan protecci\u00f3n.<\/p>\n<\/div><\/div>\n<\/div><\/div>\n<\/div>\n<\/div>\n<\/div><\/div>\n\n\n\n<div class=\"wp-block-group alignfull is-style-ext-preset--group--natural-1--section has-background-background-color has-background\" style=\"margin-top:0;margin-bottom:0;padding-top:var(--wp--preset--spacing--70);padding-bottom:var(--wp--preset--spacing--70)\"><div class=\"wp-block-group__inner-container is-layout-constrained wp-block-group-is-layout-constrained\">\n<div class=\"wp-block-group alignwide ext-is-logical-start is-content-justification-left\"><div class=\"wp-block-group__inner-container is-layout-constrained wp-container-core-group-is-layout-1916714e wp-block-group-is-layout-constrained\">\n<h4 class=\"wp-block-heading ext-animate--on\"><mark style=\"background-color:rgba(0, 0, 0, 0)\" class=\"has-inline-color has-black-color\">Fundamentado en confianza y avalado por resultados<\/mark><\/h4>\n\n\n\n<p class=\"ext-animate--on\">Aqu\u00ed resaltamos nuestras certificaciones principales, protocolos de seguridad y premios del sector que aseguran nuestra fiabilidad y compromiso.<\/p>\n<\/div><\/div>\n<\/div><\/div>\n\n\n\n<p><\/p>\n\n\n\n<div class=\"wp-block-group alignfull is-style-ext-preset--group--natural-1--section has-background-background-color has-background\" style=\"margin-top:0;margin-bottom:0;padding-top:var(--wp--preset--spacing--70);padding-bottom:var(--wp--preset--spacing--70)\"><div class=\"wp-block-group__inner-container is-layout-constrained wp-block-group-is-layout-constrained\">\n<div class=\"wp-block-columns alignwide is-layout-flex wp-container-core-columns-is-layout-bd0aba32 wp-block-columns-is-layout-flex\">\n<div class=\"wp-block-column is-vertically-aligned-stretch ext-animate--on is-layout-flow wp-block-column-is-layout-flow\">\n<div class=\"wp-block-group is-style-ext-preset--group--natural-1--item-card-1--align-start\"><div class=\"wp-block-group__inner-container is-layout-constrained wp-block-group-is-layout-constrained\">\n<div class=\"wp-block-group is-style-default\"><div class=\"wp-block-group__inner-container is-layout-constrained wp-block-group-is-layout-constrained\"><\/div><\/div>\n<\/div><\/div>\n<\/div>\n\n\n\n<div class=\"wp-block-column is-vertically-aligned-stretch ext-animate--on is-layout-flow wp-block-column-is-layout-flow\">\n<div class=\"wp-block-group is-style-ext-preset--group--natural-1--item-card-1--align-start\"><div class=\"wp-block-group__inner-container is-layout-constrained wp-block-group-is-layout-constrained\">\n<div class=\"wp-block-group is-style-default\"><div class=\"wp-block-group__inner-container is-layout-constrained wp-block-group-is-layout-constrained\">\n<h3 class=\"wp-block-heading\"><\/h3>\n\n\n\n<figure class=\"wp-block-image size-large\"><img loading=\"lazy\" decoding=\"async\" width=\"1024\" height=\"435\" src=\"https:\/\/globalenergysolutions.cl\/wp-content\/uploads\/2026\/03\/cropped-Soluciones-energeticas-globales-y-modernas-1024x435.png\" alt=\"\" class=\"wp-image-83\" srcset=\"https:\/\/globalenergysolutions.cl\/wp-content\/uploads\/2026\/03\/cropped-Soluciones-energeticas-globales-y-modernas-1024x435.png 1024w, https:\/\/globalenergysolutions.cl\/wp-content\/uploads\/2026\/03\/cropped-Soluciones-energeticas-globales-y-modernas-300x127.png 300w, https:\/\/globalenergysolutions.cl\/wp-content\/uploads\/2026\/03\/cropped-Soluciones-energeticas-globales-y-modernas-768x326.png 768w, https:\/\/globalenergysolutions.cl\/wp-content\/uploads\/2026\/03\/cropped-Soluciones-energeticas-globales-y-modernas-18x8.png 18w, https:\/\/globalenergysolutions.cl\/wp-content\/uploads\/2026\/03\/cropped-Soluciones-energeticas-globales-y-modernas.png 1081w\" sizes=\"auto, (max-width: 1024px) 100vw, 1024px\" \/><\/figure>\n<\/div><\/div>\n<\/div><\/div>\n<\/div>\n\n\n\n<div class=\"wp-block-column is-vertically-aligned-stretch ext-animate--on is-layout-flow wp-block-column-is-layout-flow\">\n<div class=\"wp-block-group is-style-ext-preset--group--natural-1--item-card-1--align-start\"><div class=\"wp-block-group__inner-container is-layout-constrained wp-block-group-is-layout-constrained\">\n<div class=\"wp-block-group is-style-default\"><div class=\"wp-block-group__inner-container is-layout-constrained wp-block-group-is-layout-constrained\">\n<p><\/p>\n<\/div><\/div>\n<\/div><\/div>\n<\/div>\n<\/div>\n<\/div><\/div>","protected":false},"excerpt":{"rendered":"<p>Soluciones el\u00e9ctricas avanzadas para m\u00e1xima seguridad y eficiencia Aqu\u00ed encontrar\u00e1 respuestas claras a las dudas m\u00e1s comunes para resolver sus consultas r\u00e1pidamente. \u00bfQu\u00e9 tipos de proyectos el\u00e9ctricos ofrece Global Energy Solutions? Dise\u00f1amos e implementamos proyectos personalizados que optimizan la eficiencia y seguridad el\u00e9ctrica en hogares e industrias. \u00bfC\u00f3mo garantiza la empresa la calidad y seguridad [&hellip;]<\/p>\n","protected":false},"author":1,"featured_media":0,"parent":0,"menu_order":0,"comment_status":"closed","ping_status":"closed","template":"","meta":{"om_disable_all_campaigns":false,"_monsterinsights_skip_tracking":false,"_monsterinsights_sitenote_active":false,"_monsterinsights_sitenote_note":"","_monsterinsights_sitenote_category":0,"footnotes":""},"class_list":["post-17","page","type-page","status-publish","hentry"],"aioseo_notices":[],"_links":{"self":[{"href":"https:\/\/globalenergysolutions.cl\/en\/wp-json\/wp\/v2\/pages\/17","targetHints":{"allow":["GET"]}}],"collection":[{"href":"https:\/\/globalenergysolutions.cl\/en\/wp-json\/wp\/v2\/pages"}],"about":[{"href":"https:\/\/globalenergysolutions.cl\/en\/wp-json\/wp\/v2\/types\/page"}],"author":[{"embeddable":true,"href":"https:\/\/globalenergysolutions.cl\/en\/wp-json\/wp\/v2\/users\/1"}],"replies":[{"embeddable":true,"href":"https:\/\/globalenergysolutions.cl\/en\/wp-json\/wp\/v2\/comments?post=17"}],"version-history":[{"count":13,"href":"https:\/\/globalenergysolutions.cl\/en\/wp-json\/wp\/v2\/pages\/17\/revisions"}],"predecessor-version":[{"id":337,"href":"https:\/\/globalenergysolutions.cl\/en\/wp-json\/wp\/v2\/pages\/17\/revisions\/337"}],"wp:attachment":[{"href":"https:\/\/globalenergysolutions.cl\/en\/wp-json\/wp\/v2\/media?parent=17"}],"curies":[{"name":"wp","href":"https:\/\/api.w.org\/{rel}","templated":true}]}}